{"id":10,"date":"2019-02-15T11:24:27","date_gmt":"2019-02-15T10:24:27","guid":{"rendered":"https:\/\/www.5gperfecta.eu\/?page_id=10"},"modified":"2026-02-11T12:29:25","modified_gmt":"2026-02-11T11:29:25","slug":"inicio","status":"publish","type":"page","link":"http:\/\/www.5gperfecta.eu\/","title":{"rendered":"Inicio"},"content":{"rendered":"<div class=\"col-md-5\">\n<h3>About 5G PERFECTA<\/h3>\n<p>For further details please have a look at our project <a href=\"https:\/\/www.celticnext.eu\/project-5g-perfecta\/#\">leaflet<\/a>.<\/p>\n<ul>\n<li>This project, with file number EXP \u2013 00111630 \/ INNO-20181007 (INNOGLOBAL program), has been funded by the Centro para el Desarrollo Tecnol\u00f3gico Industrial E.P.E. under the program \u201cPrograma Estatal de Liderazgo Empresarial\u201d en I+D+I, within the \u201cPlan Estatal de Investigaci\u00f3n Cient\u00edfica y T\u00e9cnica y de Innovaci\u00f3n 2017-2020\u201d. The project has been funded in Sweden by Vinnova, in Portugal by Portugal 2020, in Poland by Narodowe Centrum Bada\u0144 i Rozwoju (National Centre for Research and Development) and in Turkey by T\u00fcbitak.<\/li>\n<\/ul>\n<p><img loading=\"lazy\" decoding=\"async\" src=\"http:\/\/www.5gperfecta.eu\/wp-content\/uploads\/2020\/12\/Logos-todos-566x1024.png\" alt=\"\" width=\"566\" height=\"1024\" class=\"alignnone size-large wp-image-86\" srcset=\"http:\/\/www.5gperfecta.eu\/wp-content\/uploads\/2020\/12\/Logos-todos-566x1024.png 566w, http:\/\/www.5gperfecta.eu\/wp-content\/uploads\/2020\/12\/Logos-todos-166x300.png 166w, http:\/\/www.5gperfecta.eu\/wp-content\/uploads\/2020\/12\/Logos-todos-768x1389.png 768w, http:\/\/www.5gperfecta.eu\/wp-content\/uploads\/2020\/12\/Logos-todos-849x1536.png 849w, http:\/\/www.5gperfecta.eu\/wp-content\/uploads\/2020\/12\/Logos-todos-1132x2048.png 1132w, http:\/\/www.5gperfecta.eu\/wp-content\/uploads\/2020\/12\/Logos-todos.png 1400w\" sizes=\"auto, (max-width: 566px) 100vw, 566px\" \/><\/p>\n<\/div>\n<div class=\"col-md-6 col-md-offset-1\">\n<ul>\n<li>This is also a Eureka Celtic Next project. Celtic-Next strengthens the competitiveness of the European industry by fostering European R&amp;D cooperation in telecommunications, and the well-being of the society by stimulating innovative information and telecommunication services. Celtic-Plus focuses on telecommunication and ICT connecting people and businesses in a secure way. Key topics include network capacity, optics, satellite, mobility, security, robustness, energy efficiency, 5G, Smart Cities, Smart Homes, Industry 4.0, Automotive Telecom, Fintech, e-health, big data, Internet of Things, privacy, identity and public safety.<\/li>\n<\/ul>\n<\/div>\n<div><\/div>\n","protected":false},"excerpt":{"rendered":"<p>About 5G PERFECTA For further details please have a look at our project leaflet. This project, with file number EXP \u2013 00111630 \/ INNO-20181007 (INNOGLOBAL program), has been funded by the Centro para el Desarrollo Tecnol\u00f3gico Industrial E.P.E. under the program \u201cPrograma Estatal de Liderazgo Empresarial\u201d en I+D+I, within the [&hellip;]<\/p>\n","protected":false},"author":1,"featured_media":86,"parent":0,"menu_order":0,"comment_status":"closed","ping_status":"closed","template":"","meta":{"footnotes":""},"class_list":["post-10","page","type-page","status-publish","has-post-thumbnail","hentry"],"_links":{"self":[{"href":"http:\/\/www.5gperfecta.eu\/index.php?rest_route=\/wp\/v2\/pages\/10","targetHints":{"allow":["GET"]}}],"collection":[{"href":"http:\/\/www.5gperfecta.eu\/index.php?rest_route=\/wp\/v2\/pages"}],"about":[{"href":"http:\/\/www.5gperfecta.eu\/index.php?rest_route=\/wp\/v2\/types\/page"}],"author":[{"embeddable":true,"href":"http:\/\/www.5gperfecta.eu\/index.php?rest_route=\/wp\/v2\/users\/1"}],"replies":[{"embeddable":true,"href":"http:\/\/www.5gperfecta.eu\/index.php?rest_route=%2Fwp%2Fv2%2Fcomments&post=10"}],"version-history":[{"count":12,"href":"http:\/\/www.5gperfecta.eu\/index.php?rest_route=\/wp\/v2\/pages\/10\/revisions"}],"predecessor-version":[{"id":99,"href":"http:\/\/www.5gperfecta.eu\/index.php?rest_route=\/wp\/v2\/pages\/10\/revisions\/99"}],"wp:featuredmedia":[{"embeddable":true,"href":"http:\/\/www.5gperfecta.eu\/index.php?rest_route=\/wp\/v2\/media\/86"}],"wp:attachment":[{"href":"http:\/\/www.5gperfecta.eu\/index.php?rest_route=%2Fwp%2Fv2%2Fmedia&parent=10"}],"curies":[{"name":"wp","href":"https:\/\/api.w.org\/{rel}","templated":true}]}}